{"id":23,"date":"2015-10-15T15:32:40","date_gmt":"2015-10-15T12:32:40","guid":{"rendered":"http:\/\/wpoffice\/construction\/?page_id=23"},"modified":"2023-04-28T15:34:30","modified_gmt":"2023-04-28T12:34:30","slug":"contact_us","status":"publish","type":"page","link":"https:\/\/alsalar.com.tr\/en\/contact_us\/","title":{"rendered":"Contact Us"},"content":{"rendered":"<div id='layer_slider_1'  class='avia-layerslider main_color avia-shadow  avia-builder-el-0  el_before_av_two_third  avia-builder-el-first  container_wrap fullsize'  style='height: 361px; max-width: 1310px; margin: 0 auto;'  ><\/div><div id='after_layer_slider_1'  class='main_color av_default_container_wrap container_wrap fullsize'  ><div class='container av-section-cont-open' ><div class='template-page content  av-content-full alpha units'><div class='post-entry post-entry-type-page post-entry-23'><div class='entry-content-wrapper clearfix'>\n\n<style type=\"text\/css\" data-created_by=\"avia_inline_auto\" id=\"style-css-av-9h6vz-d20be95ce50ed042093b1592865863c3\">\n.flex_column.av-9h6vz-d20be95ce50ed042093b1592865863c3{\n-webkit-border-radius:0px 0px 0px 0px;\n-moz-border-radius:0px 0px 0px 0px;\nborder-radius:0px 0px 0px 0px;\npadding:0px 0px 0px 0px;\n}\n<\/style>\n<div class='flex_column av-9h6vz-d20be95ce50ed042093b1592865863c3 av_two_third  avia-builder-el-1  el_after_av_layerslider  el_before_av_one_third  avia-builder-el-first  first flex_column_div av-animated-generic bottom-to-top av-zero-column-padding '     ><p>\n<style type=\"text\/css\" data-created_by=\"avia_inline_auto\" id=\"style-css-av-vqx3-b8a58089a99273184fdb50525f1f6a60\">\n#top .av-special-heading.av-vqx3-b8a58089a99273184fdb50525f1f6a60{\npadding-bottom:0;\n}\nbody .av-special-heading.av-vqx3-b8a58089a99273184fdb50525f1f6a60 .av-special-heading-tag .heading-char{\nfont-size:25px;\n}\n.av-special-heading.av-vqx3-b8a58089a99273184fdb50525f1f6a60 .av-subheading{\nfont-size:15px;\n}\n<\/style>\n<div  class='av-special-heading av-vqx3-b8a58089a99273184fdb50525f1f6a60 av-special-heading-h3 blockquote modern-quote  avia-builder-el-2  el_before_av_hr  avia-builder-el-first '><h3 class='av-special-heading-tag'  itemprop=\"headline\"  >Contact Form<\/h3><div class=\"special-heading-border\"><div class=\"special-heading-inner-border\"><\/div><\/div><\/div><br \/>\n\n<style type=\"text\/css\" data-created_by=\"avia_inline_auto\" id=\"style-css-av-80dvv-ed8c14148de6deb785c32d729889f67b\">\n#top .hr.av-80dvv-ed8c14148de6deb785c32d729889f67b{\nmargin-top:10px;\nmargin-bottom:10px;\n}\n.hr.av-80dvv-ed8c14148de6deb785c32d729889f67b .hr-inner{\nwidth:50px;\nborder-color:#efbb20;\n}\n<\/style>\n<div  class='hr av-80dvv-ed8c14148de6deb785c32d729889f67b hr-custom  avia-builder-el-3  el_after_av_heading  el_before_av_contact  hr-left hr-icon-no'><span class='hr-inner inner-border-av-border-fat'><span class=\"hr-inner-style\"><\/span><\/span><\/div><br \/>\n<form action=\"https:\/\/alsalar.com.tr\/en\/contact_us\/\" method=\"post\"  class=\"avia_ajax_form av-form-labels-visible   avia-builder-el-4  el_after_av_hr  avia-builder-el-last   \" data-avia-form-id=\"1\" data-avia-redirect='' ><fieldset><p class='  first_form  form_element form_element_half' id='element_avia_1_1'><label for=\"avia_1_1\">Your Name and Surname <abbr class=\"required\" title=\"required\">*<\/abbr><\/label> <input name=\"avia_1_1\" class=\"text_input is_empty\" type=\"text\" id=\"avia_1_1\" value=\"\" \/><\/p><p class='  form_element form_element_half' id='element_avia_2_1'><label for=\"avia_2_1\">E-Mail <abbr class=\"required\" title=\"required\">*<\/abbr><\/label> <input name=\"avia_2_1\" class=\"text_input is_empty\" type=\"text\" id=\"avia_2_1\" value=\"\" \/><\/p><p class='  first_form  form_element form_element_half' id='element_avia_3_1'><label for=\"avia_3_1\">Your Reason for Contact <abbr class=\"required\" title=\"required\">*<\/abbr><\/label> <input name=\"avia_3_1\" class=\"text_input is_empty\" type=\"text\" id=\"avia_3_1\" value=\"\" \/><\/p><p class='  form_element form_element_half' id='element_avia_4_1'><label for=\"avia_4_1\">Phone number <abbr class=\"required\" title=\"required\">*<\/abbr><\/label> <input name=\"avia_4_1\" class=\"text_input is_empty\" type=\"text\" id=\"avia_4_1\" value=\"\" \/><\/p><p class='  first_form  form_element form_fullwidth' id='element_avia_5_1'><label for=\"avia_5_1\" class=\"textare_label hidden textare_label_avia_5_1\">Your Message <abbr class=\"required\" title=\"required\">*<\/abbr><\/label><textarea  name=\"avia_5_1\" class=\"text_area is_empty\" cols=\"40\" rows=\"7\" id=\"avia_5_1\" ><\/textarea><\/p><p class=\"hidden\"><input type=\"text\" name=\"avia_6_1\" class=\"hidden \" id=\"avia_6_1\" value=\"\" \/><\/p><p class='   form_element form_fullwidth' id='element_avia_7_1'><span class='value_verifier_label'>1 + 2 = ?<\/span><input name=\"avia_7_1_verifier\" type=\"hidden\" id=\"avia_7_1_verifier\" value=\"234432444\"\/><label for=\"avia_7_1\">Please prove that you are human by solving the equation <abbr class=\"required\" title=\"required\">*<\/abbr><\/label><input name=\"avia_7_1\" class=\"text_input captcha\" type=\"text\" id=\"avia_7_1\" value=\"\"\/><\/p><p class=\"form_element \"><input type=\"hidden\" value=\"1\" name=\"avia_generated_form1\" \/><input type=\"submit\" value=\"Send\" class=\"button\"  data-sending-label=\"Sending\"\/><\/p><\/fieldset><\/form><div id=\"ajaxresponse_1\" class=\"ajaxresponse ajaxresponse_1 hidden\"><\/div><\/p><\/div>\n<style type=\"text\/css\" data-created_by=\"avia_inline_auto\" id=\"style-css-av-3oycz-fc8d7dad40b44b7a3a69d712069a111c\">\n.flex_column.av-3oycz-fc8d7dad40b44b7a3a69d712069a111c{\n-webkit-border-radius:0px 0px 0px 0px;\n-moz-border-radius:0px 0px 0px 0px;\nborder-radius:0px 0px 0px 0px;\npadding:0px 0px 0px 0px;\n}\n<\/style>\n<div class='flex_column av-3oycz-fc8d7dad40b44b7a3a69d712069a111c av_one_third  avia-builder-el-5  el_after_av_two_third  el_before_av_codeblock  flex_column_div av-animated-generic bottom-to-top av-zero-column-padding '     ><p>\n<style type=\"text\/css\" data-created_by=\"avia_inline_auto\" id=\"style-css-av-34yon-fc8797e2b54b7078b36802ab4f700d7a\">\n#top .av-special-heading.av-34yon-fc8797e2b54b7078b36802ab4f700d7a{\npadding-bottom:0;\n}\nbody .av-special-heading.av-34yon-fc8797e2b54b7078b36802ab4f700d7a .av-special-heading-tag .heading-char{\nfont-size:25px;\n}\n.av-special-heading.av-34yon-fc8797e2b54b7078b36802ab4f700d7a .av-subheading{\nfont-size:15px;\n}\n<\/style>\n<div  class='av-special-heading av-34yon-fc8797e2b54b7078b36802ab4f700d7a av-special-heading-h3 blockquote modern-quote  avia-builder-el-6  el_before_av_hr  avia-builder-el-first '><h3 class='av-special-heading-tag'  itemprop=\"headline\"  >REACH US<\/h3><div class=\"special-heading-border\"><div class=\"special-heading-inner-border\"><\/div><\/div><\/div><br \/>\n\n<style type=\"text\/css\" data-created_by=\"avia_inline_auto\" id=\"style-css-av-2xk8z-0a88f47fc7b69478bedac78e99b4a097\">\n#top .hr.av-2xk8z-0a88f47fc7b69478bedac78e99b4a097{\nmargin-top:10px;\nmargin-bottom:10px;\n}\n.hr.av-2xk8z-0a88f47fc7b69478bedac78e99b4a097 .hr-inner{\nwidth:50px;\nborder-color:#efbb20;\n}\n<\/style>\n<div  class='hr av-2xk8z-0a88f47fc7b69478bedac78e99b4a097 hr-custom  avia-builder-el-7  el_after_av_heading  el_before_av_textblock  hr-left hr-icon-no'><span class='hr-inner inner-border-av-border-fat'><span class=\"hr-inner-style\"><\/span><\/span><\/div><br \/>\n<section  class='av_textblock_section av-12t5v-ab534fc892f7516bbf3de26837f1d912'  itemscope=\"itemscope\" itemtype=\"https:\/\/schema.org\/CreativeWork\" ><div class='avia_textblock'  itemprop=\"text\" ><p><strong>Address<\/strong><br \/>\n\u00d6merli Mah. Murathan Sk. No:4\/1<br \/>\nHad\u0131mk\u00f6y, Arnavutk\u00f6y &#8211; \u0130stanbul<\/p>\n<p><strong>Contacts<\/strong><\/p>\n<p><span id=\"eeb-581375-64070\"><\/span><script type=\"text\/javascript\">(function(){var ml=\"fa4cltei3DF2-.0nkr%AomEhsC\",mi=\"B8I1B;>GA60B89B;;E1745DB8C14H141AB2>14H141A=3DE=5AB;;B;>341HHB89B;;E174<47?@B;;B8F14H141AB2>14H141A=3DE=5AB8IB;:1B8F\",o=\"\";for(var j=0,l=mi.length;j<l;j++){o+=ml.charAt(mi.charCodeAt(j)-48);}document.getElementById(\"eeb-581375-64070\").innerHTML = decodeURIComponent(o);}());<\/script><noscript>*protected email*<\/noscript><\/p>\n<p>+90-212-475 66 99<br \/>\n+90-212-475 66 36<\/p>\n<p>Fax: +90-212-475 30 35<\/p>\n<p><strong>Working Hours<\/strong><br \/>\nMon-Fri: 8:00-18:00<br \/>\nSat-Sun: Closed<\/p>\n<\/div><\/section><\/p><\/div><\/p>\n","protected":false},"excerpt":{"rendered":"","protected":false},"author":1,"featured_media":0,"parent":0,"menu_order":2,"comment_status":"closed","ping_status":"closed","template":"","meta":[],"_links":{"self":[{"href":"https:\/\/alsalar.com.tr\/en\/wp-json\/wp\/v2\/pages\/23"}],"collection":[{"href":"https:\/\/alsalar.com.tr\/en\/wp-json\/wp\/v2\/pages"}],"about":[{"href":"https:\/\/alsalar.com.tr\/en\/wp-json\/wp\/v2\/types\/page"}],"author":[{"embeddable":true,"href":"https:\/\/alsalar.com.tr\/en\/wp-json\/wp\/v2\/users\/1"}],"replies":[{"embeddable":true,"href":"https:\/\/alsalar.com.tr\/en\/wp-json\/wp\/v2\/comments?post=23"}],"version-history":[{"count":3,"href":"https:\/\/alsalar.com.tr\/en\/wp-json\/wp\/v2\/pages\/23\/revisions"}],"predecessor-version":[{"id":2094,"href":"https:\/\/alsalar.com.tr\/en\/wp-json\/wp\/v2\/pages\/23\/revisions\/2094"}],"wp:attachment":[{"href":"https:\/\/alsalar.com.tr\/en\/wp-json\/wp\/v2\/media?parent=23"}],"curies":[{"name":"wp","href":"https:\/\/api.w.org\/{rel}","templated":true}]}}