{"id":31,"date":"2015-10-21T12:34:01","date_gmt":"2015-10-21T09:34:01","guid":{"rendered":"http:\/\/test.kriesi.at\/construction\/?page_id=31"},"modified":"2023-04-28T15:28:15","modified_gmt":"2023-04-28T12:28:15","slug":"about_us","status":"publish","type":"page","link":"https:\/\/alsalar.com.tr\/en\/about_us\/","title":{"rendered":"About Us"},"content":{"rendered":"<div  class='avia-slideshow av-leea867m-dfa4487723bc4e5de9be8e54a49827d8 avia-slideshow-featured_large av_slideshow avia-fade-slider  avia-builder-el-0  el_before_av_section  avia-builder-el-no-sibling  av-slideshow-ui av-control-default av-slideshow-autoplay av-loop-endless av-loop-manual-endless av-default-height-applied avia-slideshow-1' data-slideshow-options=\"{&quot;animation&quot;:&quot;fade&quot;,&quot;autoplay&quot;:true,&quot;loop_autoplay&quot;:&quot;endless&quot;,&quot;interval&quot;:5,&quot;loop_manual&quot;:&quot;manual-endless&quot;,&quot;autoplay_stopper&quot;:false,&quot;noNavigation&quot;:false,&quot;bg_slider&quot;:false,&quot;keep_padding&quot;:false,&quot;hoverpause&quot;:false,&quot;show_slide_delay&quot;:0}\"  itemprop=\"image\" itemscope=\"itemscope\" itemtype=\"https:\/\/schema.org\/ImageObject\" ><ul class='avia-slideshow-inner ' style='padding-bottom: 42%;'><li  class='avia-slideshow-slide av-leea867m-dfa4487723bc4e5de9be8e54a49827d8__0  slide-1 slide-odd'><div data-rel='slideshow-1' class='avia-slide-wrap '   ><img decoding=\"async\" class=\"wp-image-1806 avia-img-lazy-loading-not-1806\"  src=\"https:\/\/alsalar.com.tr\/en\/wp-content\/uploads\/2023\/03\/alsalar-fabrika0.jpg\" width=\"1500\" height=\"630\" title='' alt=''  itemprop=\"thumbnailUrl\" srcset=\"https:\/\/alsalar.com.tr\/en\/wp-content\/uploads\/2023\/03\/alsalar-fabrika0.jpg 1500w, https:\/\/alsalar.com.tr\/en\/wp-content\/uploads\/2023\/03\/alsalar-fabrika0-300x126.jpg 300w, https:\/\/alsalar.com.tr\/en\/wp-content\/uploads\/2023\/03\/alsalar-fabrika0-1030x433.jpg 1030w, https:\/\/alsalar.com.tr\/en\/wp-content\/uploads\/2023\/03\/alsalar-fabrika0-768x323.jpg 768w, https:\/\/alsalar.com.tr\/en\/wp-content\/uploads\/2023\/03\/alsalar-fabrika0-705x296.jpg 705w\" sizes=\"(max-width: 1500px) 100vw, 1500px\" \/><\/div><\/li><li  class='avia-slideshow-slide av-leea867m-dfa4487723bc4e5de9be8e54a49827d8__1  slide-2 slide-even'><div data-rel='slideshow-1' class='avia-slide-wrap '   ><img decoding=\"async\" class=\"wp-image-1791 avia-img-lazy-loading-not-1791\"  src=\"https:\/\/alsalar.com.tr\/en\/wp-content\/uploads\/2023\/03\/alsalar-fabrika-1.jpg\" width=\"1500\" height=\"630\" title='' alt=''  itemprop=\"thumbnailUrl\" srcset=\"https:\/\/alsalar.com.tr\/en\/wp-content\/uploads\/2023\/03\/alsalar-fabrika-1.jpg 1500w, https:\/\/alsalar.com.tr\/en\/wp-content\/uploads\/2023\/03\/alsalar-fabrika-1-300x126.jpg 300w, https:\/\/alsalar.com.tr\/en\/wp-content\/uploads\/2023\/03\/alsalar-fabrika-1-1030x433.jpg 1030w, https:\/\/alsalar.com.tr\/en\/wp-content\/uploads\/2023\/03\/alsalar-fabrika-1-768x323.jpg 768w, https:\/\/alsalar.com.tr\/en\/wp-content\/uploads\/2023\/03\/alsalar-fabrika-1-705x296.jpg 705w\" sizes=\"(max-width: 1500px) 100vw, 1500px\" \/><\/div><\/li><li  class='avia-slideshow-slide av-leea867m-dfa4487723bc4e5de9be8e54a49827d8__2  slide-3 slide-odd'><div data-rel='slideshow-1' class='avia-slide-wrap '   ><img decoding=\"async\" class=\"wp-image-1792 avia-img-lazy-loading-not-1792\"  src=\"https:\/\/alsalar.com.tr\/en\/wp-content\/uploads\/2023\/03\/alsalar-fabrika-2.jpg\" width=\"1500\" height=\"630\" title='' alt=''  itemprop=\"thumbnailUrl\" srcset=\"https:\/\/alsalar.com.tr\/en\/wp-content\/uploads\/2023\/03\/alsalar-fabrika-2.jpg 1500w, https:\/\/alsalar.com.tr\/en\/wp-content\/uploads\/2023\/03\/alsalar-fabrika-2-300x126.jpg 300w, https:\/\/alsalar.com.tr\/en\/wp-content\/uploads\/2023\/03\/alsalar-fabrika-2-1030x433.jpg 1030w, https:\/\/alsalar.com.tr\/en\/wp-content\/uploads\/2023\/03\/alsalar-fabrika-2-768x323.jpg 768w, https:\/\/alsalar.com.tr\/en\/wp-content\/uploads\/2023\/03\/alsalar-fabrika-2-705x296.jpg 705w\" sizes=\"(max-width: 1500px) 100vw, 1500px\" \/><\/div><\/li><li  class='avia-slideshow-slide av-leea867m-dfa4487723bc4e5de9be8e54a49827d8__3  slide-4 slide-even'><div data-rel='slideshow-1' class='avia-slide-wrap '   ><img decoding=\"async\" class=\"wp-image-1793 avia-img-lazy-loading-not-1793\"  src=\"https:\/\/alsalar.com.tr\/en\/wp-content\/uploads\/2023\/03\/alsalar-fabrika-3.jpg\" width=\"1500\" height=\"630\" title='' alt=''  itemprop=\"thumbnailUrl\" srcset=\"https:\/\/alsalar.com.tr\/en\/wp-content\/uploads\/2023\/03\/alsalar-fabrika-3.jpg 1500w, https:\/\/alsalar.com.tr\/en\/wp-content\/uploads\/2023\/03\/alsalar-fabrika-3-300x126.jpg 300w, https:\/\/alsalar.com.tr\/en\/wp-content\/uploads\/2023\/03\/alsalar-fabrika-3-1030x433.jpg 1030w, https:\/\/alsalar.com.tr\/en\/wp-content\/uploads\/2023\/03\/alsalar-fabrika-3-768x323.jpg 768w, https:\/\/alsalar.com.tr\/en\/wp-content\/uploads\/2023\/03\/alsalar-fabrika-3-705x296.jpg 705w\" sizes=\"(max-width: 1500px) 100vw, 1500px\" \/><\/div><\/li><li  class='avia-slideshow-slide av-leea867m-dfa4487723bc4e5de9be8e54a49827d8__4  slide-5 slide-odd'><div data-rel='slideshow-1' class='avia-slide-wrap '   ><img decoding=\"async\" class=\"wp-image-1794 avia-img-lazy-loading-not-1794\"  src=\"https:\/\/alsalar.com.tr\/en\/wp-content\/uploads\/2023\/03\/alsalar-fabrika-4.jpg\" width=\"1500\" height=\"630\" title='' alt=''  itemprop=\"thumbnailUrl\" srcset=\"https:\/\/alsalar.com.tr\/en\/wp-content\/uploads\/2023\/03\/alsalar-fabrika-4.jpg 1500w, https:\/\/alsalar.com.tr\/en\/wp-content\/uploads\/2023\/03\/alsalar-fabrika-4-300x126.jpg 300w, https:\/\/alsalar.com.tr\/en\/wp-content\/uploads\/2023\/03\/alsalar-fabrika-4-1030x433.jpg 1030w, https:\/\/alsalar.com.tr\/en\/wp-content\/uploads\/2023\/03\/alsalar-fabrika-4-768x323.jpg 768w, https:\/\/alsalar.com.tr\/en\/wp-content\/uploads\/2023\/03\/alsalar-fabrika-4-705x296.jpg 705w\" sizes=\"(max-width: 1500px) 100vw, 1500px\" \/><\/div><\/li><li  class='avia-slideshow-slide av-leea867m-dfa4487723bc4e5de9be8e54a49827d8__5  slide-6 slide-even'><div data-rel='slideshow-1' class='avia-slide-wrap '   ><img decoding=\"async\" class=\"wp-image-1795 avia-img-lazy-loading-not-1795\"  src=\"https:\/\/alsalar.com.tr\/en\/wp-content\/uploads\/2023\/03\/alsalar-fabrika-5.jpg\" width=\"1500\" height=\"630\" title='' alt=''  itemprop=\"thumbnailUrl\" srcset=\"https:\/\/alsalar.com.tr\/en\/wp-content\/uploads\/2023\/03\/alsalar-fabrika-5.jpg 1500w, https:\/\/alsalar.com.tr\/en\/wp-content\/uploads\/2023\/03\/alsalar-fabrika-5-300x126.jpg 300w, https:\/\/alsalar.com.tr\/en\/wp-content\/uploads\/2023\/03\/alsalar-fabrika-5-1030x433.jpg 1030w, https:\/\/alsalar.com.tr\/en\/wp-content\/uploads\/2023\/03\/alsalar-fabrika-5-768x323.jpg 768w, https:\/\/alsalar.com.tr\/en\/wp-content\/uploads\/2023\/03\/alsalar-fabrika-5-705x296.jpg 705w\" sizes=\"(max-width: 1500px) 100vw, 1500px\" \/><\/div><\/li><li  class='avia-slideshow-slide av-leea867m-dfa4487723bc4e5de9be8e54a49827d8__6  slide-7 slide-odd'><div data-rel='slideshow-1' class='avia-slide-wrap '   ><img decoding=\"async\" class=\"wp-image-1796 avia-img-lazy-loading-not-1796\"  src=\"https:\/\/alsalar.com.tr\/en\/wp-content\/uploads\/2023\/03\/alsalar-fabrika-6.jpg\" width=\"1500\" height=\"630\" title='' alt=''  itemprop=\"thumbnailUrl\" srcset=\"https:\/\/alsalar.com.tr\/en\/wp-content\/uploads\/2023\/03\/alsalar-fabrika-6.jpg 1500w, https:\/\/alsalar.com.tr\/en\/wp-content\/uploads\/2023\/03\/alsalar-fabrika-6-300x126.jpg 300w, https:\/\/alsalar.com.tr\/en\/wp-content\/uploads\/2023\/03\/alsalar-fabrika-6-1030x433.jpg 1030w, https:\/\/alsalar.com.tr\/en\/wp-content\/uploads\/2023\/03\/alsalar-fabrika-6-768x323.jpg 768w, https:\/\/alsalar.com.tr\/en\/wp-content\/uploads\/2023\/03\/alsalar-fabrika-6-705x296.jpg 705w\" sizes=\"(max-width: 1500px) 100vw, 1500px\" \/><\/div><\/li><li  class='avia-slideshow-slide av-leea867m-dfa4487723bc4e5de9be8e54a49827d8__7  slide-8 slide-even'><div data-rel='slideshow-1' class='avia-slide-wrap '   ><img decoding=\"async\" class=\"wp-image-1797 avia-img-lazy-loading-not-1797\"  src=\"https:\/\/alsalar.com.tr\/en\/wp-content\/uploads\/2023\/03\/alsalar-fabrika-7.jpg\" width=\"1500\" height=\"630\" title='' alt=''  itemprop=\"thumbnailUrl\" srcset=\"https:\/\/alsalar.com.tr\/en\/wp-content\/uploads\/2023\/03\/alsalar-fabrika-7.jpg 1500w, https:\/\/alsalar.com.tr\/en\/wp-content\/uploads\/2023\/03\/alsalar-fabrika-7-300x126.jpg 300w, https:\/\/alsalar.com.tr\/en\/wp-content\/uploads\/2023\/03\/alsalar-fabrika-7-1030x433.jpg 1030w, https:\/\/alsalar.com.tr\/en\/wp-content\/uploads\/2023\/03\/alsalar-fabrika-7-768x323.jpg 768w, https:\/\/alsalar.com.tr\/en\/wp-content\/uploads\/2023\/03\/alsalar-fabrika-7-705x296.jpg 705w\" sizes=\"(max-width: 1500px) 100vw, 1500px\" \/><\/div><\/li><li  class='avia-slideshow-slide av-leea867m-dfa4487723bc4e5de9be8e54a49827d8__8  slide-9 slide-odd'><div data-rel='slideshow-1' class='avia-slide-wrap '   ><img decoding=\"async\" class=\"wp-image-1798 avia-img-lazy-loading-not-1798\"  src=\"https:\/\/alsalar.com.tr\/en\/wp-content\/uploads\/2023\/03\/alsalar-fabrika-8.jpg\" width=\"1500\" height=\"630\" title='' alt=''  itemprop=\"thumbnailUrl\" srcset=\"https:\/\/alsalar.com.tr\/en\/wp-content\/uploads\/2023\/03\/alsalar-fabrika-8.jpg 1500w, https:\/\/alsalar.com.tr\/en\/wp-content\/uploads\/2023\/03\/alsalar-fabrika-8-300x126.jpg 300w, https:\/\/alsalar.com.tr\/en\/wp-content\/uploads\/2023\/03\/alsalar-fabrika-8-1030x433.jpg 1030w, https:\/\/alsalar.com.tr\/en\/wp-content\/uploads\/2023\/03\/alsalar-fabrika-8-768x323.jpg 768w, https:\/\/alsalar.com.tr\/en\/wp-content\/uploads\/2023\/03\/alsalar-fabrika-8-705x296.jpg 705w\" sizes=\"(max-width: 1500px) 100vw, 1500px\" \/><\/div><\/li><li  class='avia-slideshow-slide av-leea867m-dfa4487723bc4e5de9be8e54a49827d8__9  slide-10 slide-even'><div data-rel='slideshow-1' class='avia-slide-wrap '   ><img decoding=\"async\" class=\"wp-image-1799 avia-img-lazy-loading-not-1799\"  src=\"https:\/\/alsalar.com.tr\/en\/wp-content\/uploads\/2023\/03\/alsalar-fabrika-9.jpg\" width=\"1500\" height=\"630\" title='' alt=''  itemprop=\"thumbnailUrl\" srcset=\"https:\/\/alsalar.com.tr\/en\/wp-content\/uploads\/2023\/03\/alsalar-fabrika-9.jpg 1500w, https:\/\/alsalar.com.tr\/en\/wp-content\/uploads\/2023\/03\/alsalar-fabrika-9-300x126.jpg 300w, https:\/\/alsalar.com.tr\/en\/wp-content\/uploads\/2023\/03\/alsalar-fabrika-9-1030x433.jpg 1030w, https:\/\/alsalar.com.tr\/en\/wp-content\/uploads\/2023\/03\/alsalar-fabrika-9-768x323.jpg 768w, https:\/\/alsalar.com.tr\/en\/wp-content\/uploads\/2023\/03\/alsalar-fabrika-9-705x296.jpg 705w\" sizes=\"(max-width: 1500px) 100vw, 1500px\" \/><\/div><\/li><li  class='avia-slideshow-slide av-leea867m-dfa4487723bc4e5de9be8e54a49827d8__10  slide-11 slide-odd'><div data-rel='slideshow-1' class='avia-slide-wrap '   ><img decoding=\"async\" class=\"wp-image-1801 avia-img-lazy-loading-not-1801\"  src=\"https:\/\/alsalar.com.tr\/en\/wp-content\/uploads\/2023\/03\/alsalar-fabrika-11.jpg\" width=\"1500\" height=\"630\" title='' alt=''  itemprop=\"thumbnailUrl\" srcset=\"https:\/\/alsalar.com.tr\/en\/wp-content\/uploads\/2023\/03\/alsalar-fabrika-11.jpg 1500w, https:\/\/alsalar.com.tr\/en\/wp-content\/uploads\/2023\/03\/alsalar-fabrika-11-300x126.jpg 300w, https:\/\/alsalar.com.tr\/en\/wp-content\/uploads\/2023\/03\/alsalar-fabrika-11-1030x433.jpg 1030w, https:\/\/alsalar.com.tr\/en\/wp-content\/uploads\/2023\/03\/alsalar-fabrika-11-768x323.jpg 768w, https:\/\/alsalar.com.tr\/en\/wp-content\/uploads\/2023\/03\/alsalar-fabrika-11-705x296.jpg 705w\" sizes=\"(max-width: 1500px) 100vw, 1500px\" \/><\/div><\/li><li  class='avia-slideshow-slide av-leea867m-dfa4487723bc4e5de9be8e54a49827d8__11  slide-12 slide-even'><div data-rel='slideshow-1' class='avia-slide-wrap '   ><img decoding=\"async\" class=\"wp-image-1800 avia-img-lazy-loading-not-1800\"  src=\"https:\/\/alsalar.com.tr\/en\/wp-content\/uploads\/2023\/03\/alsalar-fabrika-10.jpg\" width=\"1500\" height=\"630\" title='' alt=''  itemprop=\"thumbnailUrl\" srcset=\"https:\/\/alsalar.com.tr\/en\/wp-content\/uploads\/2023\/03\/alsalar-fabrika-10.jpg 1500w, https:\/\/alsalar.com.tr\/en\/wp-content\/uploads\/2023\/03\/alsalar-fabrika-10-300x126.jpg 300w, https:\/\/alsalar.com.tr\/en\/wp-content\/uploads\/2023\/03\/alsalar-fabrika-10-1030x433.jpg 1030w, https:\/\/alsalar.com.tr\/en\/wp-content\/uploads\/2023\/03\/alsalar-fabrika-10-768x323.jpg 768w, https:\/\/alsalar.com.tr\/en\/wp-content\/uploads\/2023\/03\/alsalar-fabrika-10-705x296.jpg 705w\" sizes=\"(max-width: 1500px) 100vw, 1500px\" \/><\/div><\/li><\/ul><div class='avia-slideshow-arrows avia-slideshow-controls' ><a href='#prev' class='prev-slide ' aria-hidden='true' data-av_icon='\ue87c' data-av_iconfont='entypo-fontello'  tabindex='-1'>Previous<\/a><a href='#next' class='next-slide ' aria-hidden='true' data-av_icon='\ue87d' data-av_iconfont='entypo-fontello'  tabindex='-1'>Next<\/a><\/div><div class='avia-slideshow-dots avia-slideshow-controls'><a href='#1' class='goto-slide active' >1<\/a><a href='#2' class='goto-slide ' >2<\/a><a href='#3' class='goto-slide ' >3<\/a><a href='#4' class='goto-slide ' >4<\/a><a href='#5' class='goto-slide ' >5<\/a><a href='#6' class='goto-slide ' >6<\/a><a href='#7' class='goto-slide ' >7<\/a><a href='#8' class='goto-slide ' >8<\/a><a href='#9' class='goto-slide ' >9<\/a><a href='#10' class='goto-slide ' >10<\/a><a href='#11' class='goto-slide ' >11<\/a><a href='#12' class='goto-slide ' >12<\/a><\/div><\/div>\n<\/div><\/div><\/div><!-- close content main div --><\/div><\/div><div id='av_section_1'  class='avia-section av-mcpjn-3dbfdbd50b2982b2692062ea31ff9b5d main_color avia-section-large avia-no-border-styling  avia-builder-el-1  el_after_av_slideshow  el_before_av_image  avia-bg-style-scroll container_wrap fullsize'  ><div class='container av-section-cont-open' ><div class='template-page content  av-content-full alpha units'><div class='post-entry post-entry-type-page post-entry-31'><div class='entry-content-wrapper clearfix'>\n\n<style type=\"text\/css\" data-created_by=\"avia_inline_auto\" id=\"style-css-av-lwz9j-9017b55856e5405db9243053653b805f\">\n#top .av-special-heading.av-lwz9j-9017b55856e5405db9243053653b805f{\npadding-bottom:0;\n}\nbody .av-special-heading.av-lwz9j-9017b55856e5405db9243053653b805f .av-special-heading-tag .heading-char{\nfont-size:25px;\n}\n.av-special-heading.av-lwz9j-9017b55856e5405db9243053653b805f .av-subheading{\nfont-size:15px;\n}\n<\/style>\n<div  class='av-special-heading av-lwz9j-9017b55856e5405db9243053653b805f av-special-heading-h2 blockquote modern-quote modern-centered  avia-builder-el-2  el_before_av_hr  avia-builder-el-first '><h2 class='av-special-heading-tag'  itemprop=\"headline\"  >ALSALAR YAPI MALZEMELER\u0130 SAN. VE DI\u015e. T\u0130C. A.\u015e.<\/h2><div class=\"special-heading-border\"><div class=\"special-heading-inner-border\"><\/div><\/div><\/div>\n\n<style type=\"text\/css\" data-created_by=\"avia_inline_auto\" id=\"style-css-av-l2s5f-877e48eabddf1b3501f05c7136da4fc8\">\n#top .hr.av-l2s5f-877e48eabddf1b3501f05c7136da4fc8{\nmargin-top:5px;\nmargin-bottom:75px;\n}\n.hr.av-l2s5f-877e48eabddf1b3501f05c7136da4fc8 .hr-inner{\nwidth:50px;\nborder-color:#efbb20;\n}\n<\/style>\n<div  class='hr av-l2s5f-877e48eabddf1b3501f05c7136da4fc8 hr-custom  avia-builder-el-3  el_after_av_heading  el_before_av_one_third  hr-center hr-icon-no'><span class='hr-inner inner-border-av-border-fat'><span class=\"hr-inner-style\"><\/span><\/span><\/div>\n\n<style type=\"text\/css\" data-created_by=\"avia_inline_auto\" id=\"style-css-av-kawwr-8818c1cf75665b81d289c69e83970a5e\">\n.flex_column.av-kawwr-8818c1cf75665b81d289c69e83970a5e{\n-webkit-border-radius:0px 0px 0px 0px;\n-moz-border-radius:0px 0px 0px 0px;\nborder-radius:0px 0px 0px 0px;\npadding:0px 0px 0px 0px;\n}\n<\/style>\n<div class='flex_column av-kawwr-8818c1cf75665b81d289c69e83970a5e av_one_third  avia-builder-el-4  el_after_av_hr  el_before_av_one_third  first flex_column_div av-animated-generic bottom-to-top av-zero-column-padding '     ><article  class='iconbox iconbox_left_content av-jz223-bc5a1a81da2a030a2b4002ed2983ad10  avia-builder-el-5  avia-builder-el-no-sibling '  itemscope=\"itemscope\" itemtype=\"https:\/\/schema.org\/CreativeWork\" ><div class=\"iconbox_icon heading-color\" aria-hidden='true' data-av_icon='\ue856' data-av_iconfont='entypo-fontello'><\/div><div class=\"iconbox_content\"><header class=\"entry-content-header\"><h3 class='iconbox_content_title '  itemprop=\"headline\" >OUR COMPANY<\/h3><\/header><div class='iconbox_content_container '  itemprop=\"text\" ><p>AL-SALAR is established in Istanbul &#8211; Turkey at 2005.<\/p>\n<\/div><\/div><footer class=\"entry-footer\"><\/footer><\/article><\/div>\n<style type=\"text\/css\" data-created_by=\"avia_inline_auto\" id=\"style-css-av-jj6zr-d23d59d034a272423b103a8a523ce5a6\">\n.flex_column.av-jj6zr-d23d59d034a272423b103a8a523ce5a6{\n-webkit-border-radius:0px 0px 0px 0px;\n-moz-border-radius:0px 0px 0px 0px;\nborder-radius:0px 0px 0px 0px;\npadding:0px 0px 0px 0px;\n}\n<\/style>\n<div class='flex_column av-jj6zr-d23d59d034a272423b103a8a523ce5a6 av_one_third  avia-builder-el-6  el_after_av_one_third  el_before_av_one_third  flex_column_div av-animated-generic bottom-to-top av-zero-column-padding '     ><article  class='iconbox iconbox_left_content av-iw277-99778e91ee19e57bba60c74863efa80f  avia-builder-el-7  avia-builder-el-no-sibling '  itemscope=\"itemscope\" itemtype=\"https:\/\/schema.org\/CreativeWork\" ><div class=\"iconbox_icon heading-color\" aria-hidden='true' data-av_icon='\ue80b' data-av_iconfont='entypo-fontello'><\/div><div class=\"iconbox_content\"><header class=\"entry-content-header\"><h3 class='iconbox_content_title '  itemprop=\"headline\" >AL HADIARY GROUP<\/h3><\/header><div class='iconbox_content_container '  itemprop=\"text\" ><p>Our company, which has been operating in the Construction Materials sector since its establishment, is the Turkey representative of the Al Haidary Group company located in Iraq.<\/p>\n<\/div><\/div><footer class=\"entry-footer\"><\/footer><\/article><\/div>\n<style type=\"text\/css\" data-created_by=\"avia_inline_auto\" id=\"style-css-av-i1u07-7551178d2779c82423ca2c7a211a312f\">\n.flex_column.av-i1u07-7551178d2779c82423ca2c7a211a312f{\n-webkit-border-radius:0px 0px 0px 0px;\n-moz-border-radius:0px 0px 0px 0px;\nborder-radius:0px 0px 0px 0px;\npadding:0px 0px 0px 0px;\n}\n<\/style>\n<div class='flex_column av-i1u07-7551178d2779c82423ca2c7a211a312f av_one_third  avia-builder-el-8  el_after_av_one_third  el_before_av_hr  flex_column_div av-animated-generic bottom-to-top av-zero-column-padding '     ><article  class='iconbox iconbox_left_content av-hfgoj-48092576af4bb7d504366e1d5845c236  avia-builder-el-9  avia-builder-el-no-sibling '  itemscope=\"itemscope\" itemtype=\"https:\/\/schema.org\/CreativeWork\" ><div class=\"iconbox_icon heading-color\" aria-hidden='true' data-av_icon='\ue82b' data-av_iconfont='entypo-fontello'><\/div><div class=\"iconbox_content\"><header class=\"entry-content-header\"><h3 class='iconbox_content_title '  itemprop=\"headline\" >PRODUCT AND SERVICE QUALITY<\/h3><\/header><div class='iconbox_content_container '  itemprop=\"text\" ><p><span class=\"HwtZe\" lang=\"en\"><span class=\"jCAhz ChMk0b\"><span class=\"ryNqvb\">Our primary goal is to offer the best product and service quality to the Turkish and World markets.<\/span><\/span><\/span><\/p>\n<\/div><\/div><footer class=\"entry-footer\"><\/footer><\/article><\/div><div  class='hr av-1edu3-dcd1f7fe140b10b089935ea9f290d835 hr-default  avia-builder-el-10  el_after_av_one_third  el_before_av_one_half '><span class='hr-inner '><span class=\"hr-inner-style\"><\/span><\/span><\/div>\n\n<style type=\"text\/css\" data-created_by=\"avia_inline_auto\" id=\"style-css-av-eiifv-391ff4583165452755f254c0385caff2\">\n#top .flex_column.av-eiifv-391ff4583165452755f254c0385caff2{\nmargin-top:0px;\nmargin-bottom:0px;\n}\n.flex_column.av-eiifv-391ff4583165452755f254c0385caff2{\n-webkit-border-radius:0px 0px 0px 0px;\n-moz-border-radius:0px 0px 0px 0px;\nborder-radius:0px 0px 0px 0px;\npadding:0px 0px 0px 0px;\n}\n.responsive #top #wrap_all .flex_column.av-eiifv-391ff4583165452755f254c0385caff2{\nmargin-top:0px;\nmargin-bottom:0px;\n}\n<\/style>\n<div class='flex_column av-eiifv-391ff4583165452755f254c0385caff2 av_one_half  avia-builder-el-11  el_after_av_hr  el_before_av_one_half  first flex_column_div av-animated-generic bottom-to-top av-zero-column-padding '     ><article  class='iconbox iconbox_left_content av-dsvtz-6962262b0c4afb51ef527530c82574b4  avia-builder-el-12  avia-builder-el-no-sibling '  itemscope=\"itemscope\" itemtype=\"https:\/\/schema.org\/CreativeWork\" ><div class=\"iconbox_icon heading-color\" aria-hidden='true' data-av_icon='\ue8bb' data-av_iconfont='entypo-fontello'><\/div><div class=\"iconbox_content\"><header class=\"entry-content-header\"><h3 class='iconbox_content_title '  itemprop=\"headline\" >WIDE RANGE OF PRODUCTS<\/h3><\/header><div class='iconbox_content_container '  itemprop=\"text\" ><p>Due to the fact that we have a wide product range in the production of Building Materials, we are able to respond quickly to the demands of our customers.<\/p>\n<\/div><\/div><footer class=\"entry-footer\"><\/footer><\/article><\/div>\n<style type=\"text\/css\" data-created_by=\"avia_inline_auto\" id=\"style-css-av-x607-40fdf9e3b33810395e1cb830343feae8\">\n#top .flex_column.av-x607-40fdf9e3b33810395e1cb830343feae8{\nmargin-top:0px;\nmargin-bottom:0px;\n}\n.flex_column.av-x607-40fdf9e3b33810395e1cb830343feae8{\n-webkit-border-radius:0px 0px 0px 0px;\n-moz-border-radius:0px 0px 0px 0px;\nborder-radius:0px 0px 0px 0px;\npadding:0px 0px 0px 0px;\n}\n.responsive #top #wrap_all .flex_column.av-x607-40fdf9e3b33810395e1cb830343feae8{\nmargin-top:0px;\nmargin-bottom:0px;\n}\n<\/style>\n<div class='flex_column av-x607-40fdf9e3b33810395e1cb830343feae8 av_one_half  avia-builder-el-13  el_after_av_one_half  avia-builder-el-last  flex_column_div av-animated-generic bottom-to-top av-zero-column-padding '     ><article  class='iconbox iconbox_left_content av-leeaezpc-8550ebb295b12e7bcb96e0d8a1c051d8  avia-builder-el-14  avia-builder-el-no-sibling '  itemscope=\"itemscope\" itemtype=\"https:\/\/schema.org\/CreativeWork\" ><div class=\"iconbox_icon heading-color\" aria-hidden='true' data-av_icon='\ue8b1' data-av_iconfont='entypo-fontello'><\/div><div class=\"iconbox_content\"><header class=\"entry-content-header\"><h3 class='iconbox_content_title '  itemprop=\"headline\" >OUR MARKET STRATEGY<\/h3><\/header><div class='iconbox_content_container '  itemprop=\"text\" ><p>Our work on researching new markets increases our effectiveness.<\/p>\n<\/div><\/div><footer class=\"entry-footer\"><\/footer><\/article><\/div><\/div><\/div><\/div><!-- close content main div --><\/div><\/div><div id='after_section_1'  class='main_color av_default_container_wrap container_wrap fullsize'  ><div class='container av-section-cont-open' ><div class='template-page content  av-content-full alpha units'><div class='post-entry post-entry-type-page post-entry-31'><div class='entry-content-wrapper clearfix'>\n<style type=\"text\/css\" data-created_by=\"avia_inline_auto\" id=\"style-css-av-leeoiu1l-c330c900c643cfe3da77c4f2e4273ce4\">\n.avia-image-container.av-leeoiu1l-c330c900c643cfe3da77c4f2e4273ce4 img.avia_image{\nbox-shadow:none;\n}\n.avia-image-container.av-leeoiu1l-c330c900c643cfe3da77c4f2e4273ce4 .av-image-caption-overlay-center{\ncolor:#ffffff;\n}\n<\/style>\n<div  class='avia-image-container av-leeoiu1l-c330c900c643cfe3da77c4f2e4273ce4 av-styling- avia-align-center  avia-builder-el-15  el_after_av_section  avia-builder-el-no-sibling '   itemprop=\"image\" itemscope=\"itemscope\" itemtype=\"https:\/\/schema.org\/ImageObject\" ><div class=\"avia-image-container-inner\"><div class=\"avia-image-overlay-wrap\"><a href=\"https:\/\/alsalar.com.tr\/en\/wp-content\/uploads\/2023\/02\/kalite_belgeleri-1030x703.jpg\" data-srcset=\"https:\/\/alsalar.com.tr\/en\/wp-content\/uploads\/2023\/02\/kalite_belgeleri-1030x703.jpg 1030w, https:\/\/alsalar.com.tr\/en\/wp-content\/uploads\/2023\/02\/kalite_belgeleri-300x205.jpg 300w, https:\/\/alsalar.com.tr\/en\/wp-content\/uploads\/2023\/02\/kalite_belgeleri-768x524.jpg 768w, https:\/\/alsalar.com.tr\/en\/wp-content\/uploads\/2023\/02\/kalite_belgeleri-1536x1048.jpg 1536w, https:\/\/alsalar.com.tr\/en\/wp-content\/uploads\/2023\/02\/kalite_belgeleri-1500x1024.jpg 1500w, https:\/\/alsalar.com.tr\/en\/wp-content\/uploads\/2023\/02\/kalite_belgeleri-705x481.jpg 705w, https:\/\/alsalar.com.tr\/en\/wp-content\/uploads\/2023\/02\/kalite_belgeleri.jpg 1635w\" data-sizes=\"(max-width: 1030px) 100vw, 1030px\" class='avia_image' ><img decoding=\"async\" class='wp-image-433 avia-img-lazy-loading-not-433 avia_image ' src=\"https:\/\/alsalar.com.tr\/en\/wp-content\/uploads\/2023\/02\/kalite_belgeleri-300x205.jpg\" alt='' title=''  height=\"205\" width=\"300\"  itemprop=\"thumbnailUrl\" srcset=\"https:\/\/alsalar.com.tr\/en\/wp-content\/uploads\/2023\/02\/kalite_belgeleri-300x205.jpg 300w, https:\/\/alsalar.com.tr\/en\/wp-content\/uploads\/2023\/02\/kalite_belgeleri-1030x703.jpg 1030w, https:\/\/alsalar.com.tr\/en\/wp-content\/uploads\/2023\/02\/kalite_belgeleri-768x524.jpg 768w, https:\/\/alsalar.com.tr\/en\/wp-content\/uploads\/2023\/02\/kalite_belgeleri-1536x1048.jpg 1536w, https:\/\/alsalar.com.tr\/en\/wp-content\/uploads\/2023\/02\/kalite_belgeleri-1500x1024.jpg 1500w, https:\/\/alsalar.com.tr\/en\/wp-content\/uploads\/2023\/02\/kalite_belgeleri-705x481.jpg 705w, https:\/\/alsalar.com.tr\/en\/wp-content\/uploads\/2023\/02\/kalite_belgeleri.jpg 1635w\" sizes=\"(max-width: 300px) 100vw, 300px\" \/><\/a><\/div><\/div><\/div><\/p>\n","protected":false},"excerpt":{"rendered":"","protected":false},"author":1,"featured_media":0,"parent":0,"menu_order":1,"comment_status":"closed","ping_status":"closed","template":"","meta":[],"_links":{"self":[{"href":"https:\/\/alsalar.com.tr\/en\/wp-json\/wp\/v2\/pages\/31"}],"collection":[{"href":"https:\/\/alsalar.com.tr\/en\/wp-json\/wp\/v2\/pages"}],"about":[{"href":"https:\/\/alsalar.com.tr\/en\/wp-json\/wp\/v2\/types\/page"}],"author":[{"embeddable":true,"href":"https:\/\/alsalar.com.tr\/en\/wp-json\/wp\/v2\/users\/1"}],"replies":[{"embeddable":true,"href":"https:\/\/alsalar.com.tr\/en\/wp-json\/wp\/v2\/comments?post=31"}],"version-history":[{"count":2,"href":"https:\/\/alsalar.com.tr\/en\/wp-json\/wp\/v2\/pages\/31\/revisions"}],"predecessor-version":[{"id":2091,"href":"https:\/\/alsalar.com.tr\/en\/wp-json\/wp\/v2\/pages\/31\/revisions\/2091"}],"wp:attachment":[{"href":"https:\/\/alsalar.com.tr\/en\/wp-json\/wp\/v2\/media?parent=31"}],"curies":[{"name":"wp","href":"https:\/\/api.w.org\/{rel}","templated":true}]}}